{"id":630,"date":"2024-05-24T19:55:27","date_gmt":"2024-05-24T19:55:27","guid":{"rendered":"https:\/\/software-hardware.com.ec\/sitio\/?post_type=product&#038;p=630"},"modified":"2024-05-24T19:55:27","modified_gmt":"2024-05-24T19:55:27","slug":"notebook-hp","status":"publish","type":"product","link":"https:\/\/software-hardware.com.ec\/sitio\/producto\/notebook-hp\/","title":{"rendered":"NOTEBOOK HP"},"content":{"rendered":"<p>&#8211; Pantalla: 14&#8243;HD 1366 x 768 pixels.<br class=\"html-br\" \/>&#8211; Procesador: Intel Ci3 1215U 1.2Ghz hasta 4.4Ghz.<br class=\"html-br\" \/>&#8211; Gr\u00e1ficos integrada: Intel\u00ae UHD.<br class=\"html-br\" \/>&#8211; Memoria Ram: 8GB DDR4-3200 MHz (1 x 8GB) slots accesibles por el usuario 0.<br class=\"html-br\" \/>&#8211; Disco duro: Estado s\u00f3lido PCIe\u00ae NVMe\u2122 M.2 de 256GB.<br class=\"html-br\" \/>&#8211; C\u00e1mara True Vision 720p HD con reducci\u00f3n de ruido temporal y micr\u00f3fonos digitales de matriz.<br class=\"html-br\" \/>&#8211; Sistema Operativo Windows 11 Home.<br class=\"html-br\" \/>&#8211; Bluetooth: 4.2<br class=\"html-br\" \/>&#8211; Tarjeta inal\u00e1mbrica Realtek Wi-Fi (1&#215;1)<\/p>\n","protected":false},"excerpt":{"rendered":"<p>&#8211; Pantalla: 14&#8243;HD 1366 x 768 pixels.&#8211; Procesador: Intel Ci3 1215U 1.2Ghz hasta 4.4Ghz.&#8211; Gr\u00e1ficos integrada: Intel\u00ae UHD.&#8211; Memoria Ram: 8GB DDR4-3200 MHz (1 x 8GB) slots accesibles por el usuario 0.&#8211; Disco duro: Estado s\u00f3lido PCIe\u00ae NVMe\u2122 M.2 de 256GB.&#8211; C\u00e1mara True Vision 720p HD con reducci\u00f3n de ruido temporal y micr\u00f3fonos digitales de [&hellip;]<\/p>\n","protected":false},"featured_media":631,"comment_status":"open","ping_status":"closed","template":"","meta":{"pagelayer_contact_templates":[],"_pagelayer_content":""},"product_cat":[19],"product_tag":[],"class_list":{"0":"post-630","1":"product","2":"type-product","3":"status-publish","4":"has-post-thumbnail","6":"product_cat-laptop","8":"first","9":"instock","10":"taxable","11":"shipping-taxable","12":"purchasable","13":"product-type-simple"},"_links":{"self":[{"href":"https:\/\/software-hardware.com.ec\/sitio\/wp-json\/wp\/v2\/product\/630","targetHints":{"allow":["GET"]}}],"collection":[{"href":"https:\/\/software-hardware.com.ec\/sitio\/wp-json\/wp\/v2\/product"}],"about":[{"href":"https:\/\/software-hardware.com.ec\/sitio\/wp-json\/wp\/v2\/types\/product"}],"replies":[{"embeddable":true,"href":"https:\/\/software-hardware.com.ec\/sitio\/wp-json\/wp\/v2\/comments?post=630"}],"wp:featuredmedia":[{"embeddable":true,"href":"https:\/\/software-hardware.com.ec\/sitio\/wp-json\/wp\/v2\/media\/631"}],"wp:attachment":[{"href":"https:\/\/software-hardware.com.ec\/sitio\/wp-json\/wp\/v2\/media?parent=630"}],"wp:term":[{"taxonomy":"product_cat","embeddable":true,"href":"https:\/\/software-hardware.com.ec\/sitio\/wp-json\/wp\/v2\/product_cat?post=630"},{"taxonomy":"product_tag","embeddable":true,"href":"https:\/\/software-hardware.com.ec\/sitio\/wp-json\/wp\/v2\/product_tag?post=630"}],"curies":[{"name":"wp","href":"https:\/\/api.w.org\/{rel}","templated":true}]}}