{"id":29,"date":"2023-05-31T03:18:48","date_gmt":"2023-05-31T03:18:48","guid":{"rendered":"https:\/\/software-hardware.com.ec\/sitio\/about\/"},"modified":"2023-05-31T03:53:41","modified_gmt":"2023-05-31T03:53:41","slug":"about","status":"publish","type":"page","link":"https:\/\/software-hardware.com.ec\/sitio\/about\/","title":{"rendered":"Nosotros"},"content":{"rendered":"\n\n\n\n<h1>Nosotros<\/h1>\n\n\n\n\n\n\n\n\n\n\n\n<h2>Misi\u00f3n<\/h2><h2><style>@font-face{\nfont-family:\"Times New Roman\";\n}@font-face{\nfont-family:\"\u5b8b\u4f53\";\n}@font-face{\nfont-family:\"Calibri\";\n}@font-face{\nfont-family:\"Calibri Light\";\n}p.MsoNormal{\nmso-style-name:Normal;\nmso-style-parent:\"\";\nmargin-bottom:8,0000pt;\nline-height:107%;\nfont-family:Calibri;\nmso-bidi-font-family:'Times New Roman';\nfont-size:11,0000pt;\nmso-font-kerning:1,0000pt;\n}span.msoIns{\nmso-style-type:export-only;\nmso-style-name:\"\";\ntext-decoration:underline;\ntext-underline:single;\ncolor:blue;\n}span.msoDel{\nmso-style-type:export-only;\nmso-style-name:\"\";\ntext-decoration:line-through;\ncolor:red;\n}div.Section0{page:Section0;}<\/style><\/h2>\n\n\n\n<p style=\"text-align: left\">Proporcionar de manera oportuna equipos, partes y sistemas inform\u00e1ticos de \u00faltima tecnolog\u00eda y de calidad reconocida; los mismos que contribuyan al desarrollo y mejoramiento de las actividades productivas, comerciales y de servicios, manteniendo un liderazgo activo y comprometido con las necesidades de los clientes.<style>@font-face{\nfont-family:\"Times New Roman\";\n}@font-face{\nfont-family:\"\u5b8b\u4f53\";\n}@font-face{\nfont-family:\"Calibri\";\n}@font-face{\nfont-family:\"Calibri Light\";\n}p.MsoNormal{\nmso-style-name:Normal;\nmso-style-parent:\"\";\nmargin-bottom:8,0000pt;\nline-height:107%;\nfont-family:Calibri;\nmso-bidi-font-family:'Times New Roman';\nfont-size:11,0000pt;\nmso-font-kerning:1,0000pt;\n}span.msoIns{\nmso-style-type:export-only;\nmso-style-name:\"\";\ntext-decoration:underline;\ntext-underline:single;\ncolor:blue;\n}span.msoDel{\nmso-style-type:export-only;\nmso-style-name:\"\";\ntext-decoration:line-through;\ncolor:red;\n}div.Section0{page:Section0;}<\/style><\/p>\n\n\n<h2>Visi\u00f3n<\/h2>\n\n\n<p>Ser una organizaci\u00f3n principalmente creada para otorgar calidad, no solo en los productos que se distribuye si no en todas las actividades que realiza, teniendo como principal meta el servicio a los clientes.<br><\/p>\n\n\n\n\n\n\n\n\n","protected":false},"excerpt":{"rendered":"","protected":false},"author":0,"featured_media":0,"parent":0,"menu_order":0,"comment_status":"closed","ping_status":"closed","template":"","meta":{"pagelayer_contact_templates":[],"_pagelayer_content":"","footnotes":""},"class_list":["post-29","page","type-page","status-publish","hentry"],"_links":{"self":[{"href":"https:\/\/software-hardware.com.ec\/sitio\/wp-json\/wp\/v2\/pages\/29","targetHints":{"allow":["GET"]}}],"collection":[{"href":"https:\/\/software-hardware.com.ec\/sitio\/wp-json\/wp\/v2\/pages"}],"about":[{"href":"https:\/\/software-hardware.com.ec\/sitio\/wp-json\/wp\/v2\/types\/page"}],"replies":[{"embeddable":true,"href":"https:\/\/software-hardware.com.ec\/sitio\/wp-json\/wp\/v2\/comments?post=29"}],"version-history":[{"count":4,"href":"https:\/\/software-hardware.com.ec\/sitio\/wp-json\/wp\/v2\/pages\/29\/revisions"}],"predecessor-version":[{"id":44,"href":"https:\/\/software-hardware.com.ec\/sitio\/wp-json\/wp\/v2\/pages\/29\/revisions\/44"}],"wp:attachment":[{"href":"https:\/\/software-hardware.com.ec\/sitio\/wp-json\/wp\/v2\/media?parent=29"}],"curies":[{"name":"wp","href":"https:\/\/api.w.org\/{rel}","templated":true}]}}