{"id":26,"date":"2023-05-31T03:18:46","date_gmt":"2023-05-31T03:18:46","guid":{"rendered":"https:\/\/software-hardware.com.ec\/sitio\/home\/"},"modified":"2024-06-13T17:25:21","modified_gmt":"2024-06-13T17:25:21","slug":"inicio","status":"publish","type":"page","link":"https:\/\/software-hardware.com.ec\/sitio\/","title":{"rendered":"Inicio"},"content":{"rendered":"\n\n\n\n\n<h2>Por Qu\u00e9 Elegirnos<br><\/h2>\n\n\n\n<span style=\"font-size:large;\">Hoy en d\u00eda, SOFTWARE &amp; HARDWARE esta en el  sector inform\u00e1tico del Ecuador como su principal negocio es la comercializaci\u00f3n de productos inform\u00e1ticos.\n\nLa empresa fundada en el a\u00f1o 2010, con un equipo humano capacitado, su principal esta ubicado en la ciudad de Latacunga en la calle 2 de Mayo y Juan Abel Echeverria\n\nLos cambios e innovaciones que se dan en el mundo de la tecnolog\u00eda son aprovechados por SOFTWARE &amp; HARDWARE, mediante un trabajo continuo que contribuye al crecimiento y desarrollo de sus clientes, en este cada vez m\u00e1s competitivo, din\u00e1mico y globalizado mundo.<\/span>\n\n\n\n\n\n\n\n<p><br><\/p>\n\n\n\n\n\n<br>\n\n\n\n\n\n<p><br><\/p>\n\n\n\n\n\n\n\n\n\n<h2>Selecciona tu Servicio<br><\/h2>\n\n\n\n\n\n\n\n\n\n<h2>Nuestro n\u00fameros hablan<br><\/h2>\n\n\n\n\n\n\n\n\n\n\n\n\n\n\n\n<h2>Testimonios<\/h2>\n\n\n\n\n\n\n\n<p [object NamedNodeMap]><br><\/p>\n\n\n\n\n\n<p [object NamedNodeMap]><br><\/p>\n\n\n\n\n\n<p [object NamedNodeMap]><br><\/p>\n\n\n\n\n","protected":false},"excerpt":{"rendered":"","protected":false},"author":0,"featured_media":0,"parent":0,"menu_order":0,"comment_status":"closed","ping_status":"closed","template":"","meta":{"pagelayer_contact_templates":[],"_pagelayer_content":"","footnotes":""},"class_list":["post-26","page","type-page","status-publish","hentry"],"_links":{"self":[{"href":"https:\/\/software-hardware.com.ec\/sitio\/wp-json\/wp\/v2\/pages\/26","targetHints":{"allow":["GET"]}}],"collection":[{"href":"https:\/\/software-hardware.com.ec\/sitio\/wp-json\/wp\/v2\/pages"}],"about":[{"href":"https:\/\/software-hardware.com.ec\/sitio\/wp-json\/wp\/v2\/types\/page"}],"replies":[{"embeddable":true,"href":"https:\/\/software-hardware.com.ec\/sitio\/wp-json\/wp\/v2\/comments?post=26"}],"version-history":[{"count":15,"href":"https:\/\/software-hardware.com.ec\/sitio\/wp-json\/wp\/v2\/pages\/26\/revisions"}],"predecessor-version":[{"id":741,"href":"https:\/\/software-hardware.com.ec\/sitio\/wp-json\/wp\/v2\/pages\/26\/revisions\/741"}],"wp:attachment":[{"href":"https:\/\/software-hardware.com.ec\/sitio\/wp-json\/wp\/v2\/media?parent=26"}],"curies":[{"name":"wp","href":"https:\/\/api.w.org\/{rel}","templated":true}]}}